{"id":4182,"date":"2025-09-01T21:43:53","date_gmt":"2025-09-01T21:43:53","guid":{"rendered":"https:\/\/duoforwomen.com\/?post_type=product&#038;p=4182"},"modified":"2025-09-09T22:19:02","modified_gmt":"2025-09-09T22:19:02","slug":"opaline","status":"publish","type":"product","link":"https:\/\/duoforwomen.com\/en\/producto\/opaline\/","title":{"rendered":"Opaline"},"content":{"rendered":"<p>Leve, sofisticado e cheio de estilo. O <strong>Kimono<\/strong> Opalia Longo com Franjas \u00e9 a escolha perfeita para quem busca eleg\u00e2ncia e conforto em um s\u00f3 look intima.<\/p>\n<p>Com modelagem solta e detalhes em renda trabalhada, ele traz um toque delicado e ao mesmo tempo moderno. Ajust\u00e1vel com bot\u00e3o forrado, valoriza a silhueta, enquanto as franjas na barra garantem movimento e um visual \u00fanico.<\/p>\n<p>Faz conjunto com a camisa \u00c9lara.<\/p>\n<p>&nbsp;<\/p>\n<p><strong>Details:<\/strong><\/p>\n<ul>\n<li>Modelagem longa com caimento fluido<\/li>\n<li>Renda floral delicada e sofisticada<\/li>\n<li>Franjas na barra para um toque boho chic<\/li>\n<li>Ideal para sobreposi\u00e7\u00e3o em looks loungewear<\/li>\n<\/ul>\n<p>&nbsp;<\/p>\n<p><strong>Composition:<\/strong><br \/>\n100% polyester<\/p>","protected":false},"excerpt":{"rendered":"<p>Leve, sofisticado e cheio de estilo. O Kimono Opalia Longo com Franjas \u00e9 a escolha perfeita para quem busca eleg\u00e2ncia e conforto em um s\u00f3 look intima. Com modelagem solta e detalhes em renda trabalhada, ele traz um toque delicado e ao mesmo tempo moderno. Ajust\u00e1vel com bot\u00e3o forrado, valoriza a silhueta, enquanto as franjas [&hellip;]<\/p>","protected":false},"featured_media":4168,"template":"","meta":[],"product_brand":[],"product_cat":[139,138,144],"product_tag":[],"class_list":{"0":"post-4182","1":"product","2":"type-product","3":"status-publish","4":"has-post-thumbnail","6":"product_cat-aurea-collection","7":"product_cat-kimonos","8":"product_cat-boho-chic","9":"pa_cor-beje-renda-branca","10":"pa_cor-verde-branco","11":"pa_tamanho-s-m","12":"pa_tamanho-l-xl","14":"first","15":"onbackorder","16":"taxable","17":"shipping-taxable","18":"purchasable","19":"product-type-variable"},"aioseo_notices":[],"_links":{"self":[{"href":"https:\/\/duoforwomen.com\/en\/wp-json\/wp\/v2\/product\/4182","targetHints":{"allow":["GET"]}}],"collection":[{"href":"https:\/\/duoforwomen.com\/en\/wp-json\/wp\/v2\/product"}],"about":[{"href":"https:\/\/duoforwomen.com\/en\/wp-json\/wp\/v2\/types\/product"}],"wp:featuredmedia":[{"embeddable":true,"href":"https:\/\/duoforwomen.com\/en\/wp-json\/wp\/v2\/media\/4168"}],"wp:attachment":[{"href":"https:\/\/duoforwomen.com\/en\/wp-json\/wp\/v2\/media?parent=4182"}],"wp:term":[{"taxonomy":"product_brand","embeddable":true,"href":"https:\/\/duoforwomen.com\/en\/wp-json\/wp\/v2\/product_brand?post=4182"},{"taxonomy":"product_cat","embeddable":true,"href":"https:\/\/duoforwomen.com\/en\/wp-json\/wp\/v2\/product_cat?post=4182"},{"taxonomy":"product_tag","embeddable":true,"href":"https:\/\/duoforwomen.com\/en\/wp-json\/wp\/v2\/product_tag?post=4182"}],"curies":[{"name":"wp","href":"https:\/\/api.w.org\/{rel}","templated":true}]}}