{"id":4123,"date":"2025-09-01T21:25:12","date_gmt":"2025-09-01T21:25:12","guid":{"rendered":"https:\/\/duoforwomen.com\/?post_type=product&#038;p=4123"},"modified":"2025-09-09T22:17:59","modified_gmt":"2025-09-09T22:17:59","slug":"iris","status":"publish","type":"product","link":"https:\/\/duoforwomen.com\/en\/producto\/iris\/","title":{"rendered":"\u00cdris"},"content":{"rendered":"<p>The <strong>Kimono<\/strong> \u00cdris \u00e9 a pe\u00e7a-chave para transformar qualquer look em uma produ\u00e7\u00e3o sofisticada e descontra\u00edda. Confeccionado em tecido leve com estampado paisley em preto e branco, traz um caimento fluido e delicado. O destaque fica por conta das franjas longas nas mangas, que acrescentam movimento e um toque boho-chic \u00e0 pe\u00e7a.<\/p>\n<p>Vers\u00e1til e elegante, pode ser usado sobre lingerie de luxo, <strong>loungewear<\/strong> ou at\u00e9 em produ\u00e7\u00f5es casuais para um visual moderno e cheio de personalidade.<\/p>\n<p>&nbsp;<\/p>\n<p><strong>Details:<\/strong><\/p>\n<ul>\n<li>Estampado paisley exclusivo<\/li>\n<li>Franjas nas mangas<\/li>\n<li>Caimento leve e fluido<\/li>\n<li>Vers\u00e1til: <strong>loungewear<\/strong>, <strong>resortwear<\/strong> ou look casual<\/li>\n<\/ul>\n<p>&nbsp;<\/p>\n<p><strong>Composition:<\/strong><br \/>\n85% Viscose<br \/>\n5% Polyester<\/p>","protected":false},"excerpt":{"rendered":"<p>O Kimono \u00cdris \u00e9 a pe\u00e7a-chave para transformar qualquer look em uma produ\u00e7\u00e3o sofisticada e descontra\u00edda. Confeccionado em tecido leve com estampado paisley em preto e branco, traz um caimento fluido e delicado. O destaque fica por conta das franjas longas nas mangas, que acrescentam movimento e um toque boho-chic \u00e0 pe\u00e7a. Vers\u00e1til e elegante, [&hellip;]<\/p>","protected":false},"featured_media":4128,"template":"","meta":[],"product_brand":[],"product_cat":[139,138,144],"product_tag":[],"class_list":{"0":"post-4123","1":"product","2":"type-product","3":"status-publish","4":"has-post-thumbnail","6":"product_cat-aurea-collection","7":"product_cat-kimonos","8":"product_cat-boho-chic","9":"pa_cor-branco-preto","10":"pa_cor-branco","11":"pa_tamanho-s-m","12":"pa_tamanho-l-xl","14":"first","15":"instock","16":"taxable","17":"shipping-taxable","18":"purchasable","19":"product-type-variable"},"aioseo_notices":[],"_links":{"self":[{"href":"https:\/\/duoforwomen.com\/en\/wp-json\/wp\/v2\/product\/4123","targetHints":{"allow":["GET"]}}],"collection":[{"href":"https:\/\/duoforwomen.com\/en\/wp-json\/wp\/v2\/product"}],"about":[{"href":"https:\/\/duoforwomen.com\/en\/wp-json\/wp\/v2\/types\/product"}],"wp:featuredmedia":[{"embeddable":true,"href":"https:\/\/duoforwomen.com\/en\/wp-json\/wp\/v2\/media\/4128"}],"wp:attachment":[{"href":"https:\/\/duoforwomen.com\/en\/wp-json\/wp\/v2\/media?parent=4123"}],"wp:term":[{"taxonomy":"product_brand","embeddable":true,"href":"https:\/\/duoforwomen.com\/en\/wp-json\/wp\/v2\/product_brand?post=4123"},{"taxonomy":"product_cat","embeddable":true,"href":"https:\/\/duoforwomen.com\/en\/wp-json\/wp\/v2\/product_cat?post=4123"},{"taxonomy":"product_tag","embeddable":true,"href":"https:\/\/duoforwomen.com\/en\/wp-json\/wp\/v2\/product_tag?post=4123"}],"curies":[{"name":"wp","href":"https:\/\/api.w.org\/{rel}","templated":true}]}}