{"id":4115,"date":"2025-09-01T21:20:07","date_gmt":"2025-09-01T21:20:07","guid":{"rendered":"https:\/\/duoforwomen.com\/?post_type=product&#038;p=4115"},"modified":"2025-09-09T22:17:39","modified_gmt":"2025-09-09T22:17:39","slug":"lumi","status":"publish","type":"product","link":"https:\/\/duoforwomen.com\/en\/producto\/lumi\/","title":{"rendered":"L\u00fami"},"content":{"rendered":"<p>Conforto e eleg\u00e2ncia em um s\u00f3 look! Este conjunto em cetim branco \u00e9 composto por top cropped torcido com decote em V e cal\u00e7\u00f5es de cintura alta com el\u00e1stico macio, que garantem ajuste perfeito e liberdade de movimento. O tecido acetinado confere um toque leve e sofisticado, ideal para momentos de descanso em casa com muito estilo ou at\u00e9 para compor produ\u00e7\u00f5es modernas e sensuais.<\/p>\n<p>&nbsp;<\/p>\n<p><strong>Details:<\/strong><\/p>\n<ul>\n<li>Cetim leve e acetinado<\/li>\n<li>Top torcido com decote em V<\/li>\n<li>Shorts de cintura alta com bolsos<\/li>\n<li>Confort\u00e1vel e elegante<\/li>\n<\/ul>\n<p>&nbsp;<\/p>\n<p><strong>Composition:<\/strong><br \/>\n85% viscose<br \/>\n15% polyester<\/p>","protected":false},"excerpt":{"rendered":"<p>Conforto e eleg\u00e2ncia em um s\u00f3 look! Este conjunto em cetim branco \u00e9 composto por top cropped torcido com decote em V e cal\u00e7\u00f5es de cintura alta com el\u00e1stico macio, que garantem ajuste perfeito e liberdade de movimento. O tecido acetinado confere um toque leve e sofisticado, ideal para momentos de descanso em casa com [&hellip;]<\/p>","protected":false},"featured_media":4116,"template":"","meta":[],"product_brand":[],"product_cat":[139,141,142,143],"product_tag":[],"class_list":{"0":"post-4115","1":"product","2":"type-product","3":"status-publish","4":"has-post-thumbnail","6":"product_cat-aurea-collection","7":"product_cat-luxury-sleep-lounge","8":"product_cat-nightwear","9":"product_cat-loungewear","10":"pa_cor-branco","11":"pa_tamanho-s","12":"pa_tamanho-m","13":"pa_tamanho-l","14":"pa_tamanho-xl","16":"first","17":"instock","18":"taxable","19":"shipping-taxable","20":"purchasable","21":"product-type-variable"},"aioseo_notices":[],"_links":{"self":[{"href":"https:\/\/duoforwomen.com\/en\/wp-json\/wp\/v2\/product\/4115","targetHints":{"allow":["GET"]}}],"collection":[{"href":"https:\/\/duoforwomen.com\/en\/wp-json\/wp\/v2\/product"}],"about":[{"href":"https:\/\/duoforwomen.com\/en\/wp-json\/wp\/v2\/types\/product"}],"wp:featuredmedia":[{"embeddable":true,"href":"https:\/\/duoforwomen.com\/en\/wp-json\/wp\/v2\/media\/4116"}],"wp:attachment":[{"href":"https:\/\/duoforwomen.com\/en\/wp-json\/wp\/v2\/media?parent=4115"}],"wp:term":[{"taxonomy":"product_brand","embeddable":true,"href":"https:\/\/duoforwomen.com\/en\/wp-json\/wp\/v2\/product_brand?post=4115"},{"taxonomy":"product_cat","embeddable":true,"href":"https:\/\/duoforwomen.com\/en\/wp-json\/wp\/v2\/product_cat?post=4115"},{"taxonomy":"product_tag","embeddable":true,"href":"https:\/\/duoforwomen.com\/en\/wp-json\/wp\/v2\/product_tag?post=4115"}],"curies":[{"name":"wp","href":"https:\/\/api.w.org\/{rel}","templated":true}]}}