{"id":4075,"date":"2025-09-01T18:46:29","date_gmt":"2025-09-01T18:46:29","guid":{"rendered":"https:\/\/duoforwomen.com\/?post_type=product&#038;p=4075"},"modified":"2025-09-09T22:15:41","modified_gmt":"2025-09-09T22:15:41","slug":"fluxus","status":"publish","type":"product","link":"https:\/\/duoforwomen.com\/en\/producto\/fluxus\/","title":{"rendered":"Fluxus"},"content":{"rendered":"<p>Envolva-se na leveza de um nascer do sol. O <strong>Kimono<\/strong> Fluxus \u00e9 uma pe\u00e7a-chave para momentos de autocuidado, contempla\u00e7\u00e3o e presen\u00e7a. Confeccionado em cetim fluido com toque acetinado, seu brilho sutil reflete a luz de forma delicada sobre a pele, enquanto a estampado aquarelada em tons de rosa, lil\u00e1s e p\u00eassego dourado evoca uma beleza serena e atemporal.<\/p>\n<p>Com modelagem ampla e mangas longas, o <strong>Kimono<\/strong> oferece conforto e eleg\u00e2ncia em igual medida. Pode ser usado como sobreposi\u00e7\u00e3o em looks internos ou como pe\u00e7a isolada para sair \u00e1 rua.<\/p>\n<p>Luxo \u00e9 sentir-se bem consigo mesma.<\/p>\n<p>&nbsp;<\/p>\n<p><strong>Details:<\/strong><\/p>\n<ul>\n<li>Tecido cetim de alta qualidade<\/li>\n<li>Estampado art\u00edstica exclusiva<\/li>\n<li>Corte fluido e mangas amplas<\/li>\n<li>Aberto na frente, sem fechos<\/li>\n<li>Acabamento refinado<\/li>\n<\/ul>\n<p>&nbsp;<\/p>\n<p><strong>Composition:<\/strong><br \/>\n85% Viscose<br \/>\n15% polyester<\/p>","protected":false},"excerpt":{"rendered":"<p>Envolva-se na leveza de um nascer do sol. O Kimono Fluxus \u00e9 uma pe\u00e7a-chave para momentos de autocuidado, contempla\u00e7\u00e3o e presen\u00e7a. Confeccionado em cetim fluido com toque acetinado, seu brilho sutil reflete a luz de forma delicada sobre a pele, enquanto a estampado aquarelada em tons de rosa, lil\u00e1s e p\u00eassego dourado evoca uma beleza [&hellip;]<\/p>","protected":false},"featured_media":4042,"template":"","meta":[],"product_brand":[],"product_cat":[139,138,145],"product_tag":[],"class_list":{"0":"post-4075","1":"product","2":"type-product","3":"status-publish","4":"has-post-thumbnail","6":"product_cat-aurea-collection","7":"product_cat-kimonos","8":"product_cat-luxury","9":"pa_cor-rosa-lilas","10":"pa_tamanho-s-m","11":"pa_tamanho-l-xl","13":"first","14":"instock","15":"taxable","16":"shipping-taxable","17":"purchasable","18":"product-type-variable"},"aioseo_notices":[],"_links":{"self":[{"href":"https:\/\/duoforwomen.com\/en\/wp-json\/wp\/v2\/product\/4075","targetHints":{"allow":["GET"]}}],"collection":[{"href":"https:\/\/duoforwomen.com\/en\/wp-json\/wp\/v2\/product"}],"about":[{"href":"https:\/\/duoforwomen.com\/en\/wp-json\/wp\/v2\/types\/product"}],"wp:featuredmedia":[{"embeddable":true,"href":"https:\/\/duoforwomen.com\/en\/wp-json\/wp\/v2\/media\/4042"}],"wp:attachment":[{"href":"https:\/\/duoforwomen.com\/en\/wp-json\/wp\/v2\/media?parent=4075"}],"wp:term":[{"taxonomy":"product_brand","embeddable":true,"href":"https:\/\/duoforwomen.com\/en\/wp-json\/wp\/v2\/product_brand?post=4075"},{"taxonomy":"product_cat","embeddable":true,"href":"https:\/\/duoforwomen.com\/en\/wp-json\/wp\/v2\/product_cat?post=4075"},{"taxonomy":"product_tag","embeddable":true,"href":"https:\/\/duoforwomen.com\/en\/wp-json\/wp\/v2\/product_tag?post=4075"}],"curies":[{"name":"wp","href":"https:\/\/api.w.org\/{rel}","templated":true}]}}