{"id":3922,"date":"2025-08-31T09:39:43","date_gmt":"2025-08-31T09:39:43","guid":{"rendered":"https:\/\/duoforwomen.com\/?page_id=3922"},"modified":"2025-09-06T00:09:29","modified_gmt":"2025-09-06T00:09:29","slug":"a-duo","status":"publish","type":"page","link":"https:\/\/duoforwomen.com\/en\/a-duo\/","title":{"rendered":"Du\u00f2"},"content":{"rendered":"<div data-elementor-type=\"wp-page\" data-elementor-id=\"3922\" class=\"elementor elementor-3922\" data-elementor-post-type=\"page\">\n\t\t\t\t<div class=\"elementor-element elementor-element-0930976 e-con-full e-flex e-con e-parent\" data-id=\"0930976\" data-element_type=\"container\">\n\t\t\t\t<div class=\"elementor-element elementor-element-763f820 elementor-widget elementor-widget-image\" data-id=\"763f820\" data-element_type=\"widget\" data-widget_type=\"image.default\">\n\t\t\t\t<div class=\"elementor-widget-container\">\n\t\t\t\t\t\t\t\t\t\t\t\t\t\t\t<img fetchpriority=\"high\" decoding=\"async\" width=\"2560\" height=\"1707\" src=\"https:\/\/duoforwomen.com\/wp-content\/uploads\/2025\/09\/1-1-1-scaled.jpg\" class=\"attachment-full size-full wp-image-4402\" alt=\"\" srcset=\"https:\/\/duoforwomen.com\/wp-content\/uploads\/2025\/09\/1-1-1-scaled.jpg 2560w, https:\/\/duoforwomen.com\/wp-content\/uploads\/2025\/09\/1-1-1-scaled-500x333.jpg 500w, https:\/\/duoforwomen.com\/wp-content\/uploads\/2025\/09\/1-1-1-300x200.jpg 300w, https:\/\/duoforwomen.com\/wp-content\/uploads\/2025\/09\/1-1-1-1024x683.jpg 1024w, https:\/\/duoforwomen.com\/wp-content\/uploads\/2025\/09\/1-1-1-768x512.jpg 768w, https:\/\/duoforwomen.com\/wp-content\/uploads\/2025\/09\/1-1-1-1536x1024.jpg 1536w, https:\/\/duoforwomen.com\/wp-content\/uploads\/2025\/09\/1-1-1-2048x1365.jpg 2048w\" sizes=\"(max-width: 2560px) 100vw, 2560px\" \/>\t\t\t\t\t\t\t\t\t\t\t\t\t\t\t<\/div>\n\t\t\t\t<\/div>\n\t\t\t\t<div class=\"elementor-element elementor-element-8e7df51 elementor-absolute e-transform elementor-widget elementor-widget-heading\" data-id=\"8e7df51\" data-element_type=\"widget\" data-settings=\"{&quot;_position&quot;:&quot;absolute&quot;,&quot;_transform_translateX_effect&quot;:{&quot;unit&quot;:&quot;%&quot;,&quot;size&quot;:-50,&quot;sizes&quot;:[]},&quot;_transform_translateX_effect_tablet&quot;:{&quot;unit&quot;:&quot;%&quot;,&quot;size&quot;:&quot;&quot;,&quot;sizes&quot;:[]},&quot;_transform_translateX_effect_mobile&quot;:{&quot;unit&quot;:&quot;%&quot;,&quot;size&quot;:&quot;&quot;,&quot;sizes&quot;:[]},&quot;_transform_translateY_effect&quot;:{&quot;unit&quot;:&quot;%&quot;,&quot;size&quot;:-50,&quot;sizes&quot;:[]},&quot;_transform_translateY_effect_tablet&quot;:{&quot;unit&quot;:&quot;%&quot;,&quot;size&quot;:&quot;&quot;,&quot;sizes&quot;:[]},&quot;_transform_translateY_effect_mobile&quot;:{&quot;unit&quot;:&quot;%&quot;,&quot;size&quot;:&quot;&quot;,&quot;sizes&quot;:[]}}\" data-widget_type=\"heading.default\">\n\t\t\t\t<div class=\"elementor-widget-container\">\n\t\t\t\t\t<h1 class=\"elementor-heading-title elementor-size-default\">Du\u00f2<\/h1>\t\t\t\t<\/div>\n\t\t\t\t<\/div>\n\t\t\t\t<\/div>\n\t\t<div class=\"elementor-element elementor-element-6136624 e-flex e-con-boxed e-con e-parent\" data-id=\"6136624\" data-element_type=\"container\">\n\t\t\t\t\t<div class=\"e-con-inner\">\n\t\t<div class=\"elementor-element elementor-element-7809295 e-con-full e-flex e-con e-child\" data-id=\"7809295\" data-element_type=\"container\">\n\t\t<div class=\"elementor-element elementor-element-1bfadad e-con-full e-flex e-con e-child\" data-id=\"1bfadad\" data-element_type=\"container\">\n\t\t<div class=\"elementor-element elementor-element-510f205 e-con-full e-flex e-con e-child\" data-id=\"510f205\" data-element_type=\"container\">\n\t\t\t\t<div class=\"elementor-element elementor-element-cccaf70 elementor-widget elementor-widget-text-editor\" data-id=\"cccaf70\" data-element_type=\"widget\" data-widget_type=\"text-editor.default\">\n\t\t\t\t<div class=\"elementor-widget-container\">\n\t\t\t\t\t\t\t\t\t<p><strong>Dress the body. Touch the soul.<\/strong><\/p><p>\u00a0<\/p><p>There is lingerie you can see.<\/p><p>\u00a0<\/p><p>And there is lingerie you can feel.<\/p><p>\u00a0<\/p><p>DU\u00d2 was born from the desire to create more than pieces \u2014 to create intimate, silent, elegant experiences.<\/p><p>\u00a0<\/p><p>Crafted for women who know that true distinction begins within.<\/p><p>\u00a0<\/p><p>We don\u2019t follow trends.<\/p><p>\u00a0<\/p><p>We follow intuition, detail, and essence.<\/p><p>\u00a0<\/p><p>Every line, every stitch, every curve has been designed to embrace the body \u2014 and to soothe the soul.<\/p><p>\u00a0<\/p><p>Because dressing a woman is more than covering her skin.<\/p><p>\u00a0<\/p><p>It is touching her truth.<\/p><p>\u00a0<\/p><p>It is respecting her freedom.<\/p><p>\u00a0<\/p><p>It is celebrating who she is \u2014 without noise, without effort.<\/p>\t\t\t\t\t\t\t\t<\/div>\n\t\t\t\t<\/div>\n\t\t\t\t<\/div>\n\t\t<div class=\"elementor-element elementor-element-876a7a3 e-con-full e-flex e-con e-child\" data-id=\"876a7a3\" data-element_type=\"container\">\n\t\t\t\t<div class=\"elementor-element elementor-element-35eddef elementor-widget elementor-widget-text-editor\" data-id=\"35eddef\" data-element_type=\"widget\" data-widget_type=\"text-editor.default\">\n\t\t\t\t<div class=\"elementor-widget-container\">\n\t\t\t\t\t\t\t\t\t<p>DU\u00d2 is the meeting of tradition and modernity.<\/p><p>\u00a0<\/p><p>Of technique and sensitivity.<\/p><p>\u00a0<\/p><p>Of the visible and the invisible.<\/p><p>\u00a0<\/p><p>It is the duality that lives in each of us:<\/p><p>\u00a0<\/p><p>strength and delicacy, desire and lightness, silence and presence.<\/p><p>\u00a0<\/p><p>We don\u2019t create for everyone.<\/p><p>\u00a0<\/p><p>We create for those who choose elegance without ostentation, beauty that needs no approval, comfort that never compromises identity.<\/p><p>\u00a0<\/p><p><strong>DU\u00d2 does not dress bodies alone.<\/strong><\/p><p>\u00a0<\/p><p><strong>DU\u00d2 dresses states of mind.<\/strong><\/p><p>\u00a0<\/p><p><strong>It dresses intentions. It dresses the soul.<\/strong><\/p><p>\u00a0<\/p><p>Because the DU\u00d2 woman knows who she is.<\/p><p>\u00a0<\/p><p>And so does her lingerie.<\/p>\t\t\t\t\t\t\t\t<\/div>\n\t\t\t\t<\/div>\n\t\t\t\t<\/div>\n\t\t\t\t<\/div>\n\t\t\t\t<div class=\"elementor-element elementor-element-4c95e89 elementor-widget elementor-widget-text-editor\" data-id=\"4c95e89\" data-element_type=\"widget\" data-widget_type=\"text-editor.default\">\n\t\t\t\t<div class=\"elementor-widget-container\">\n\t\t\t\t\t\t\t\t\t<p>\u00c2ngela Martins<\/p>\t\t\t\t\t\t\t\t<\/div>\n\t\t\t\t<\/div>\n\t\t\t\t<div class=\"elementor-element elementor-element-1af7579 elementor-widget-divider--view-line elementor-widget elementor-widget-divider\" data-id=\"1af7579\" data-element_type=\"widget\" data-widget_type=\"divider.default\">\n\t\t\t\t<div class=\"elementor-widget-container\">\n\t\t\t\t\t\t\t<div class=\"elementor-divider\">\n\t\t\t<span class=\"elementor-divider-separator\">\n\t\t\t\t\t\t<\/span>\n\t\t<\/div>\n\t\t\t\t\t\t<\/div>\n\t\t\t\t<\/div>\n\t\t\t\t<\/div>\n\t\t<div class=\"elementor-element elementor-element-82db131 e-con-full e-flex e-con e-child\" data-id=\"82db131\" data-element_type=\"container\">\n\t\t\t\t<div class=\"elementor-element elementor-element-9d9d1db elementor-widget elementor-widget-video\" data-id=\"9d9d1db\" data-element_type=\"widget\" data-settings=\"{&quot;video_type&quot;:&quot;hosted&quot;,&quot;controls&quot;:&quot;yes&quot;}\" data-widget_type=\"video.default\">\n\t\t\t\t<div class=\"elementor-widget-container\">\n\t\t\t\t\t\t\t<div class=\"e-hosted-video elementor-wrapper elementor-open-inline\">\n\t\t\t\t\t<video class=\"elementor-video\" src=\"http:\/\/duoforwomen.com\/wp-content\/uploads\/2025\/08\/Manifesto.mp4\" controls=\"\" preload=\"metadata\" controlslist=\"nodownload\"><\/video>\n\t\t\t\t<\/div>\n\t\t\t\t\t\t<\/div>\n\t\t\t\t<\/div>\n\t\t\t\t<\/div>\n\t\t\t\t\t<\/div>\n\t\t\t\t<\/div>\n\t\t\t\t<\/div>","protected":false},"excerpt":{"rendered":"<p>A Du\u00f2 Vestir o corpo. Tocar a alma. \u00a0 H\u00e1 lingerie que se v\u00ea. \u00a0 E h\u00e1 lingerie que se sente. \u00a0 A DU\u00d2 nasce da vontade de criar mais do que pe\u00e7as \u2014 de criar experi\u00eancias \u00edntimas, silenciosas, elegantes. \u00a0 Feitas para mulheres que sabem que a verdadeira distin\u00e7\u00e3o come\u00e7a por dentro. \u00a0 N\u00e3o [&hellip;]<\/p>","protected":false},"author":2,"featured_media":0,"parent":0,"menu_order":10,"comment_status":"closed","ping_status":"closed","template":"","meta":{"footnotes":""},"class_list":["post-3922","page","type-page","status-publish","hentry"],"aioseo_notices":[],"_links":{"self":[{"href":"https:\/\/duoforwomen.com\/en\/wp-json\/wp\/v2\/pages\/3922","targetHints":{"allow":["GET"]}}],"collection":[{"href":"https:\/\/duoforwomen.com\/en\/wp-json\/wp\/v2\/pages"}],"about":[{"href":"https:\/\/duoforwomen.com\/en\/wp-json\/wp\/v2\/types\/page"}],"author":[{"embeddable":true,"href":"https:\/\/duoforwomen.com\/en\/wp-json\/wp\/v2\/users\/2"}],"replies":[{"embeddable":true,"href":"https:\/\/duoforwomen.com\/en\/wp-json\/wp\/v2\/comments?post=3922"}],"version-history":[{"count":25,"href":"https:\/\/duoforwomen.com\/en\/wp-json\/wp\/v2\/pages\/3922\/revisions"}],"predecessor-version":[{"id":4405,"href":"https:\/\/duoforwomen.com\/en\/wp-json\/wp\/v2\/pages\/3922\/revisions\/4405"}],"wp:attachment":[{"href":"https:\/\/duoforwomen.com\/en\/wp-json\/wp\/v2\/media?parent=3922"}],"curies":[{"name":"wp","href":"https:\/\/api.w.org\/{rel}","templated":true}]}}