{"id":3903,"date":"2025-08-30T19:38:45","date_gmt":"2025-08-30T19:38:45","guid":{"rendered":"https:\/\/duoforwomen.com\/?page_id=3903"},"modified":"2025-08-31T09:37:19","modified_gmt":"2025-08-31T09:37:19","slug":"condicoes-de-envio","status":"publish","type":"page","link":"https:\/\/duoforwomen.com\/en\/condicoes-de-envio\/","title":{"rendered":"Shipping Conditions"},"content":{"rendered":"<div data-elementor-type=\"wp-page\" data-elementor-id=\"3903\" class=\"elementor elementor-3903\" data-elementor-post-type=\"page\">\n\t\t\t\t<div class=\"elementor-element elementor-element-4484a7b e-flex e-con-boxed e-con e-parent\" data-id=\"4484a7b\" data-element_type=\"container\">\n\t\t\t\t\t<div class=\"e-con-inner\">\n\t\t\t\t<div class=\"elementor-element elementor-element-d1dcc44 elementor-widget elementor-widget-text-editor\" data-id=\"d1dcc44\" data-element_type=\"widget\" data-widget_type=\"text-editor.default\">\n\t\t\t\t<div class=\"elementor-widget-container\">\n\t\t\t\t\t\t\t\t\t<p><strong>ENVIOS E DEVOLU\u00c7\u00d5ES<\/strong><br \/><br \/><\/p><p><strong>Envio<\/strong><\/p><p>As encomendas extracomunit\u00e1rias podem estar sujeitas a IVA, Direitos Aduaneiros de Importa\u00e7\u00e3o ou outros impostos espec\u00edficos de cada pa\u00eds, a pagar pelo destinat\u00e1rio aquando da rece\u00e7\u00e3o da encomenda no pa\u00eds de destino.<\/p><p>Envios\u00a0Gr\u00e1tis para todo o pa\u00eds\u00a0acima dos 350\u20ac<\/p><p>Envios abaixos dos 150 \u2013 3,5\u20ac<br \/>Envios\u00a0para UE 18\u20ac<\/p><p>\u00a0<\/p><p><strong>Confirma\u00e7\u00e3o ou Cancelamento<\/strong><\/p><p>Ap\u00f3s efetuar a sua compra, o Cliente receber\u00e1 um e-mail autom\u00e1tico a confirmar a transa\u00e7\u00e3o que dever\u00e1 ser impresso ou guardado para refer\u00eancia futura.\u00a0<\/p><p>A sua encomenda apenas ser\u00e1 processada ap\u00f3s a confirma\u00e7\u00e3o do respetivo pagamento. Em caso de n\u00e3o pagamento ou de incumprimento ou n\u00e3o confirma\u00e7\u00e3o das presentes Condi\u00e7\u00f5es Gerais, a Du\u00f2\u00a0reserva-se o direito de n\u00e3o aceitar a encomenda do cliente, ou de cancel\u00e1-la, mesmo depois da confirma\u00e7\u00e3o autom\u00e1tica da mesma.<\/p><p>A Du\u00f2 reserva-se o direito de n\u00e3o confirmar e\/ou proceder \u00e0 entrega dos produtos da encomenda efetuada pelo Cliente, independentemente do motivo e isenta de responsabilidade por quaisquer danos ou custos, se:\u00a0<\/p><p>\u2013 surgir qualquer acontecimento imprevis\u00edvel ou altera\u00e7\u00e3o \u00e0s circunst\u00e2ncias atuais que possa afetar a produ\u00e7\u00e3o, o transporte e respetivos custos, ou que provoque subidas anormais de pre\u00e7os de mat\u00e9rias-primas;<\/p><p>\u2013 se, por algum motivo, for imposs\u00edvel a boa cobran\u00e7a e o recebimento do respetivo pagamento;<\/p><p>\u2013 se os produtos encomendados j\u00e1 n\u00e3o se encontrarem dispon\u00edveis;\u00a0<\/p><p>\u2013 se a encomenda tiver sido efetuada com erros nos dados imprescind\u00edveis para a entrega da encomenda;<\/p><p>\u2013 se a encomenda for sinalizada pelos sistemas de seguran\u00e7a do website como uma encomenda incorreta, irregular e\/ou considerada fraude.<\/p><p>\u00a0<\/p><p>Em qualquer dos casos referidos, a Du\u00f2\u00a0informar\u00e1 o Cliente por e-mail sobre tal situa\u00e7\u00e3o de impossibilidade de confirma\u00e7\u00e3o da venda e sobre o consequente cancelamento da encomenda, devolvendo o valor pago pelos artigos.<\/p><p>\u00a0<\/p><p><strong>Entrega<\/strong><\/p><p>Servi\u00e7o assegurado por CTT ou transportadora.<\/p><p>No caso de pretender apresentar alguma reclama\u00e7\u00e3o relacionada com a descarga e\/ou montagem, dever\u00e1 ser dirigida por e-mail aos CTT ou transportadora em quest\u00e3o\u00a0e complementada com fotografias que comprovem a mesma.<\/p><p>\u00a0<\/p><p><strong>Prazos de Entrega<\/strong><\/p><p>Salvo alguma situa\u00e7\u00e3o excecional, os artigos ser\u00e3o entregues no prazo m\u00e1ximo de 15 dias \u00fateis\u00a0ap\u00f3s a formaliza\u00e7\u00e3o da encomenda.<\/p><p>\u00a0<\/p><p>A Du\u00f2 procede ao envio do(s) produto(s) encomendado(s) de segunda a sexta-feira, das 9h \u00e0s 19h, com exce\u00e7\u00e3o dos feriados, e nos dias e hor\u00e1rios utilizados pela empresa de log\u00edstica, para a morada de entrega indicada pelo cliente.<br \/><br \/>O nosso servi\u00e7o de entregas n\u00e3o inclui op\u00e7\u00e3o de agendamento, pelo que a entrega da encomenda ser\u00e1 efetuada sem contacto pr\u00e9vio por parte da transportadora, sendo necess\u00e1rio garantir que algu\u00e9m se encontre na morada de entrega.<br \/><br \/>O prazo de entrega pode variar de acordo com o pa\u00eds de destino. O tempo estimada de entrega na Europa varia entre 10 -15 dias \u00fateis. Resto do mundo: 15-20 dias \u00fateis.<\/p><p>A Du\u00f3 sendo uma marca que adopta a moda slow-fashion, alguns artigos, s\u00e3o produzidos no ato da encomenda, da\u00ed os tempos de envios serem mais demorados.<\/p><p>\u00a0<\/p><p>A Du\u00f2 informar\u00e1 o cliente da indisponibilidade do(s) produto(s) encomendado(s), bem como proceder\u00e1 ao reembolso do montante pago, no prazo m\u00e1ximo de 15 (quinze) dias a partir do conhecimento da indisponibilidade.<br \/><br \/>Caso n\u00e3o receba a sua encomenda num prazo m\u00e1ximo de 90 (noventa) dias a partir da data de pagamento da encomenda, por favor envie um e-mail para <a href=\"mailto:geral@duoforwomen.com\">geral@duoforwomen.com<\/a> ,\u00a0 informando-nos do sucedido. Findo este prazo, a Du\u00f3 n\u00e3o se poder\u00e1 responsabilizar pelo extravio da encomenda.<br \/><br \/>A entrega considera-se efetuada com a assinatura no recibo de entrega na morada acordada.<\/p>\t\t\t\t\t\t\t\t<\/div>\n\t\t\t\t<\/div>\n\t\t\t\t\t<\/div>\n\t\t\t\t<\/div>\n\t\t\t\t<\/div>","protected":false},"excerpt":{"rendered":"<p>ENVIOS E DEVOLU\u00c7\u00d5ES Envio As encomendas extracomunit\u00e1rias podem estar sujeitas a IVA, Direitos Aduaneiros de Importa\u00e7\u00e3o ou outros impostos espec\u00edficos de cada pa\u00eds, a pagar pelo destinat\u00e1rio aquando da rece\u00e7\u00e3o da encomenda no pa\u00eds de destino. Envios\u00a0Gr\u00e1tis para todo o pa\u00eds\u00a0acima dos 350\u20ac Envios abaixos dos 150 \u2013 3,5\u20acEnvios\u00a0para UE 18\u20ac \u00a0 Confirma\u00e7\u00e3o ou Cancelamento [&hellip;]<\/p>","protected":false},"author":2,"featured_media":0,"parent":0,"menu_order":93,"comment_status":"closed","ping_status":"closed","template":"","meta":{"footnotes":""},"class_list":["post-3903","page","type-page","status-publish","hentry"],"aioseo_notices":[],"_links":{"self":[{"href":"https:\/\/duoforwomen.com\/en\/wp-json\/wp\/v2\/pages\/3903","targetHints":{"allow":["GET"]}}],"collection":[{"href":"https:\/\/duoforwomen.com\/en\/wp-json\/wp\/v2\/pages"}],"about":[{"href":"https:\/\/duoforwomen.com\/en\/wp-json\/wp\/v2\/types\/page"}],"author":[{"embeddable":true,"href":"https:\/\/duoforwomen.com\/en\/wp-json\/wp\/v2\/users\/2"}],"replies":[{"embeddable":true,"href":"https:\/\/duoforwomen.com\/en\/wp-json\/wp\/v2\/comments?post=3903"}],"version-history":[{"count":4,"href":"https:\/\/duoforwomen.com\/en\/wp-json\/wp\/v2\/pages\/3903\/revisions"}],"predecessor-version":[{"id":3907,"href":"https:\/\/duoforwomen.com\/en\/wp-json\/wp\/v2\/pages\/3903\/revisions\/3907"}],"wp:attachment":[{"href":"https:\/\/duoforwomen.com\/en\/wp-json\/wp\/v2\/media?parent=3903"}],"curies":[{"name":"wp","href":"https:\/\/api.w.org\/{rel}","templated":true}]}}