{"id":3898,"date":"2025-08-30T19:36:48","date_gmt":"2025-08-30T19:36:48","guid":{"rendered":"https:\/\/duoforwomen.com\/?page_id=3898"},"modified":"2025-08-31T09:37:13","modified_gmt":"2025-08-31T09:37:13","slug":"politica-de-privacidade","status":"publish","type":"page","link":"https:\/\/duoforwomen.com\/en\/politica-de-privacidade\/","title":{"rendered":"Privacy Policy"},"content":{"rendered":"<div data-elementor-type=\"wp-page\" data-elementor-id=\"3898\" class=\"elementor elementor-3898\" data-elementor-post-type=\"page\">\n\t\t\t\t<div class=\"elementor-element elementor-element-4597c4a e-flex e-con-boxed e-con e-parent\" data-id=\"4597c4a\" data-element_type=\"container\">\n\t\t\t\t\t<div class=\"e-con-inner\">\n\t\t\t\t<div class=\"elementor-element elementor-element-1edb410 elementor-widget elementor-widget-text-editor\" data-id=\"1edb410\" data-element_type=\"widget\" data-widget_type=\"text-editor.default\">\n\t\t\t\t<div class=\"elementor-widget-container\">\n\t\t\t\t\t\t\t\t\t<p><strong>Pol\u00edtica de Privacidade &amp; Cookies<br \/><\/strong>A presente Pol\u00edtica de Privacidade e de Cookies regula o tratamento dos dados pessoais dos utilizadores (doravante \u201cUtilizador\u201d ou \u201cUtilizadores\u201d), recolhidos no \u00e2mbito da utiliza\u00e7\u00e3o da\u00a0<a href=\"https:\/\/duoforwomen.com\/en\/\">duoforwomen.com\u00a0<\/a>\u00a0(doravante \u201cwebsite\u201d), pela Du\u00f2 For Women enquanto entidade propriet\u00e1ria do site e respons\u00e1vel pelo seu tratamento.<br \/>A disponibiliza\u00e7\u00e3o de dados pessoais implica o conhecimento e aceita\u00e7\u00e3o das condi\u00e7\u00f5es constantes desta Pol\u00edtica de Privacidade.<br \/>Os servi\u00e7os ao seu dispor nesta plataforma eletr\u00f3nica s\u00e3o-lhe proporcionados pela\u00a0duoforwomen.com, que assume consigo um compromisso de privacidade em rela\u00e7\u00e3o aos dados que nele depositar.\u00a0 Este compromisso \u00e9 igualmente v\u00e1lido para todos os novos servi\u00e7os que venham a ser disponibilizados em plataformas eletr\u00f3nicas, os quais dever\u00e3o respeitar escrupulosamente a Pol\u00edtica de Privacidade e os Termos e Condi\u00e7\u00f5es de Utiliza\u00e7\u00e3o expressos no presente documento.<\/p><p><strong>Recolha e tratamento de dados pessoais<br \/><\/strong>O acesso e utiliza\u00e7\u00e3o do presente website n\u00e3o implicam, necessariamente, a disponibiliza\u00e7\u00e3o de dados pessoais pelo Utilizador. Contudo, a utiliza\u00e7\u00e3o de determinadas funcionalidades do website, tais como o preenchimento de formul\u00e1rios de pedidos de informa\u00e7\u00e3o, implicar\u00e1 a disponibiliza\u00e7\u00e3o de dados pessoais de identifica\u00e7\u00e3o (nome) e de contacto (morada, email, telefone).<br \/>A Du\u00f2 For Women \u00e9 respons\u00e1vel pela recolha e tratamento dos dados pessoais dos Utilizadores do website, nos termos e para os efeitos indicados na legisla\u00e7\u00e3o de prote\u00e7\u00e3o de dados pessoais aplic\u00e1vel. Tais dados ser\u00e3o tratados pela Du\u00f2 For Women para proceder a dilig\u00eancias pr\u00e9-contratuais a pedido de potenciais clientes atrav\u00e9s do nosso formul\u00e1rio dispon\u00edvel em\u00a0duoforwomen.com.\u00a0Mediante o consentimento do Utilizador, os seus dados poder\u00e3o ainda ser tratados quando nos contacta para quaisquer esclarecimentos atrav\u00e9s do nosso formul\u00e1rio dispon\u00edvel em\u00a0<a href=\"https:\/\/duoforwomen.com\/en\/\">duoforwomen.com\u00a0<\/a>ou para receber comunica\u00e7\u00f5es de marketing (designadamente, campanhas e promo\u00e7\u00f5es sobre os nossos servi\u00e7os e produtos), bem como para subscrever a nossa newsletter.<\/p><p><strong>Direitos do utilizador<br \/><\/strong>Nos termos da legisla\u00e7\u00e3o aplic\u00e1vel, o Utilizador poder\u00e1 exercer, a todo o tempo, os direitos relativamente aos dados pessoais que lhe digam respeito:<\/p><p><strong>\u2013 Direito de Acesso<\/strong>: obter a confirma\u00e7\u00e3o de quais s\u00e3o os seus dados pessoais que s\u00e3o tratados bem como obter c\u00f3pia dos dados pessoais em fase de tratamento.<\/p><p><strong>\u2013 Direito de Retifica\u00e7\u00e3o<\/strong>: solicitar a retifica\u00e7\u00e3o dos seus dados pessoais que se encontrem inexatos ou solicitar que os dados pessoais incompletos sejam completados.<\/p><p><strong>\u2013 Direito ao Apagamento<\/strong>: obter o apagamento dos seus dados pessoais, desde que n\u00e3o se verifiquem fundamentos v\u00e1lidos para a sua conserva\u00e7\u00e3o.<\/p><p><strong>\u2013 Direito \u00e0 Limita\u00e7\u00e3o do Tratamento<\/strong>: solicitar a limita\u00e7\u00e3o do tratamento dos seus dados pessoais, solicitando a suspens\u00e3o do tratamento ou a limita\u00e7\u00e3o do \u00e2mbito do tratamento a certas categorias de dados ou finalidades de tratamento.<\/p><p><strong>\u2013 Direito de Portabilidade<\/strong>: receber os dados que nos forneceu em formato digital de uso corrente e de leitura autom\u00e1tica ou de solicitar a transmiss\u00e3o direta dos seus dados para outra entidade que passe a ser o novo respons\u00e1vel pelos seus dados pessoais.<\/p><p><strong>\u2013 Direito de Oposi\u00e7\u00e3o<\/strong>: opor-se, a qualquer momento, a um tratamento de dados, como por exemplo no caso de tratamento de dados para fins de marketing.<\/p><p><strong>\u2013 Direito de Oposi\u00e7\u00e3o \u00e0 tomada de decis\u00f5es com base no tratamento exclusivamente automatizado<\/strong>: n\u00e3o ficar sujeito a nenhuma decis\u00e3o tomada exclusivamente com base num tratamento automatizado, incluindo a defini\u00e7\u00e3o de perfis, que produza efeitos na sua esfera jur\u00eddica ou que o afete significativamente de forma similar.<\/p><p>Nos termos da lei, \u00e9 ainda garantido ao Utilizador o direito de, atrav\u00e9s dos referidos meios, retirar o seu consentimento para o tratamento dos dados para as finalidades indicadas, sempre que o tratamento seja efetuado com base no consentimento, n\u00e3o invalidando, no entanto, o tratamento efetuado at\u00e9 essa data com base no consentimento previamente dado.<br \/>Para o exerc\u00edcio de qualquer um dos direitos acima referidos, o Utilizador dever\u00e1 submeter um pedido escrito endere\u00e7ado a\u00a0duoforwomen.com. para os seguintes contactos:<\/p><p>Email:\u00a0<a href=\"mailto:suporte@duoforwomen.com\">suporte@duoforwomen.com<\/a><br \/>Morada: Rua Nuno \u00c1lvares Pereira 105 -Escrit\u00f3rios<br \/>4780-439\u00a0Santo\u00a0Tirso<\/p><p><strong>Conserva\u00e7\u00e3o dos dados pessoais<br \/><\/strong>Os dados pessoais recolhidos s\u00e3o tratados no estrito cumprimento da legisla\u00e7\u00e3o aplic\u00e1vel. Os dados pessoais ser\u00e3o armazenados e conservados apenas pelo per\u00edodo necess\u00e1rio para as finalidades para as quais foram recolhidos, conforme acima identificadas.<\/p><p><strong>Partilha de dados pessoais<br \/><\/strong>A\u00a0<a href=\"https:\/\/duoforwomen.com\/en\/\">duoforwomen.com\u00a0<\/a>poder\u00e1 transmitir os seus dados a entidades subcontratantes para os efeitos acima referidos, nos termos dos contratos celebrados com as mesmas. Os dados do Utilizador poder\u00e3o ainda ser comunicados a terceiros quando a transmiss\u00e3o seja efetuada no \u00e2mbito do cumprimento de uma obriga\u00e7\u00e3o legal, de uma delibera\u00e7\u00e3o da Comiss\u00e3o Nacional de Prote\u00e7\u00e3o de Dados ou de outra entidade de controlo relevante, ou de uma ordem judicial; ou ainda quando a comunica\u00e7\u00e3o seja levada a cabo para proteger interesses vitais dos Utilizadores ou qualquer outra finalidade leg\u00edtima prevista na lei.<\/p><p><strong>Medidas de Seguran\u00e7a<br \/><\/strong>A\u00a0<a href=\"https:\/\/duoforwomen.com\/en\/\">duoforwomen.com\u00a0<\/a>desenvolve os seus melhores esfor\u00e7os para proteger os dados pessoais dos Utilizadores contra acessos n\u00e3o autorizados atrav\u00e9s da Internet. Para o efeito utiliza sistemas de seguran\u00e7a, regras e outros procedimentos, de modo a garantir a prote\u00e7\u00e3o dos dados pessoais, bem como para prevenir o acesso n\u00e3o autorizado aos dados, o uso impr\u00f3prio, a sua divulga\u00e7\u00e3o, perda ou destrui\u00e7\u00e3o. \u00c9, no entanto, da responsabilidade dos Utilizadores, garantir e assegurar que o computador utilizado para aceder ao Site se encontra adequadamente protegido contra softwares nocivos, v\u00edrus inform\u00e1ticos e worms. Adicionalmente, os Utilizadores dever\u00e3o estar cientes que, sem a ado\u00e7\u00e3o de medidas de seguran\u00e7a adequadas (por exemplo, a configura\u00e7\u00e3o segura do programa de navega\u00e7\u00e3o, software antiv\u00edrus atualizado e a n\u00e3o utiliza\u00e7\u00e3o de software de origem duvidosa), o risco de os dados pessoais e passwords serem acedidos por terceiros n\u00e3o autorizados, \u00e9 agravado.<\/p><p><strong>Pol\u00edtica de Cookies<br \/><\/strong>Um cookie \u00e9 um pequeno ficheiro com uma string de carateres enviado para o seu computador quando visita um Website. Quando visitar novamente o website, o cookie permite que o mesmo reconhe\u00e7a o seu navegador. Os cookies podem armazenar prefer\u00eancias do utilizador e outras informa\u00e7\u00f5es. Pode configurar o seu navegador para recusar todos os cookies ou indicar quando um cookie \u00e9 enviado. Contudo, algumas funcionalidades ou servi\u00e7os de Websites podem n\u00e3o funcionar corretamente sem cookies.<\/p><p><strong>Existem diversos tipos de cookies<\/strong>.<br \/>Considerando per\u00edodo de vida \u00fatil dos cookies, estes podem ser:<\/p><p><strong>\u2013 Cookies permanentes<\/strong>:\u00a0s\u00e3o cookies que ficam armazenados, mesmo ap\u00f3s fechar o browser, nos seus equipamentos de acesso (PC, mobile e tablet) e que s\u00e3o utilizados sempre que faz uma nova visita a um dos nossos websites ou aplica\u00e7\u00f5es. S\u00e3o utilizados, geralmente, para direcionar a navega\u00e7\u00e3o aos interesses do utilizador, permitindo-nos prestar um servi\u00e7o mais personalizado.<\/p><p><strong>\u2013 Cookies de sess\u00e3o<\/strong>: s\u00e3o cookies tempor\u00e1rios que permanecem no arquivo de cookies do seu browser at\u00e9 sair do website ou aplica\u00e7\u00e3o. A informa\u00e7\u00e3o obtida por estes cookies serve para analisar padr\u00f5es de tr\u00e1fego na web, permitindo-nos identificar problemas e fornecer uma melhor experi\u00eancia de navega\u00e7\u00e3o.<\/p><p>Considerando, por sua vez, o dom\u00ednio a que pertencem, os cookies podem ser:<\/p><p><strong>\u2013 Cookies pr\u00f3prios<\/strong>:\u00a0s\u00e3o cookies enviados para o equipamento terminal do utilizador a partir de um equipamento ou dom\u00ednio gerido pela <a href=\"https:\/\/duoforwomen.com\/en\/\">duoforwomen.com<\/a> e a partir do qual se presta o servi\u00e7o solicitado pelo utilizador.<\/p><p><strong>\u2013 Cookies de terceiros<\/strong>:\u00a0s\u00e3o cookies enviados para o equipamento terminal do utilizador a partir de um equipamento ou dom\u00ednio que n\u00e3o \u00e9 gerido pela duoforwomen.com, mas sim por outra entidade que trata os dados recolhidos atrav\u00e9s dos cookies.<\/p><p>Todos os browsers permitem ao Utilizador aceitar, recusar ou apagar cookies, nomeadamente atrav\u00e9s da sele\u00e7\u00e3o das defini\u00e7\u00f5es apropriadas no respetivo navegador.<br \/>Se a configura\u00e7\u00e3o de privacidade do seu browser estiver definida como \u201cAlta\u201d, n\u00e3o conseguir\u00e1 aceder a alguns dos nossos servi\u00e7os e poder\u00e1 ser impedido de utilizar em pleno todas as funcionalidades do nosso website ou aplica\u00e7\u00f5es. Para solucionar esta quest\u00e3o, adicione os nossos endere\u00e7os de Internet \u00e0 lista de websites permitidos nas configura\u00e7\u00f5es de privacidade do seu browser, como por exemplo:\u00a0duoforwomen.com.<br \/>Se estiver a aceder ao nosso website atrav\u00e9s de um computador empresarial e n\u00e3o conseguir aceder, o problema poder\u00e1 estar nas configura\u00e7\u00f5es de seguran\u00e7a corporativa do computador. Recomendamos que entre em contacto com o administrador do sistema.<\/p><p>Para obter mais informa\u00e7\u00f5es sobre os cookies em geral e\/ou sobre como os desativar, o Utilizador poder\u00e1 visitar\u00a0<a href=\"http:\/\/www.allaboutcookies.org\/\">www.allaboutcookies.org<\/a>, onde poder\u00e1 encontrar informa\u00e7\u00f5es sobre como gerir as suas configura\u00e7\u00f5es de navega\u00e7\u00e3o.<\/p><p>Note-se, no entanto, que, ao desativar cookies, o Utilizador poder\u00e1 afetar, parcial ou totalmente, a sua experi\u00eancia de navega\u00e7\u00e3o no website.<\/p><p><strong>Informa\u00e7\u00f5es de registo<br \/><\/strong>Pela pr\u00f3pria natureza e objetivos dos servi\u00e7os disponibilizados, poder\u00e1 ser requerido aos utilizadores o fornecimento de informa\u00e7\u00f5es que podem ser consideradas de car\u00e1ter pessoal. Os nossos servi\u00e7os respeitar\u00e3o sempre o previsto na Lei de Prote\u00e7\u00e3o de Dados Pessoais \u2013 Lei n.\u00ba 58\/2019, de 08\/08. Ser\u00e3o apenas pedidos e recolhidos os dados necess\u00e1rios \u00e0 presta\u00e7\u00e3o dos servi\u00e7os da Du\u00f2 For Women, de acordo com a informa\u00e7\u00e3o expl\u00edcita no s\u00edtio e as op\u00e7\u00f5es do utilizador. A informa\u00e7\u00e3o pessoal facultada destina-se ao uso exclusivo da Du\u00f2 For Women demais entidades com que esta contrata, de acordo com as finalidades de cada caso.<\/p><p><strong>Utiliza\u00e7\u00e3o da informa\u00e7\u00e3o recolhida<br \/><\/strong>Quando um utilizador usa os nossos servi\u00e7os ou visualiza conte\u00fado disponibilizado pela Du\u00f2 For Women atrav\u00e9s da\u00a0<a href=\"https:\/\/duoforwomen.com\/en\/\">duoforwomen.com\u00a0<\/a>poderemos automaticamente recolher determinadas informa\u00e7\u00f5es em registos do servidor, podendo incluir detalhes sobre como s\u00e3o utilizados os servi\u00e7os, tais como consultas de pesquisa; o endere\u00e7o de IP e cookies que podem identificar de forma exclusiva o navegador ou a conta do utilizador.<\/p><p>Quando utiliza um servi\u00e7o da\u00a0<a href=\"https:\/\/duoforwomen.com\/en\/\">duoforwomen.com\u00a0<\/a>com funcionalidade de localiza\u00e7\u00e3o ativada, poderemos recolher e processar informa\u00e7\u00f5es acerca da localiza\u00e7\u00e3o atual do utilizador, tais como sinais de GPS enviados por um telem\u00f3vel. Poderemos ainda utilizar v\u00e1rias tecnologias para determinar a localiza\u00e7\u00e3o, tais como dados de sensor do aparelho, que poder\u00e3o, por exemplo, fornecer informa\u00e7\u00f5es relativas a pontos de acesso Wi-Fi e torres de telem\u00f3vel pr\u00f3ximos.<\/p><p>Quando um utilizador contacta a\u00a0duoforwomen.com, poderemos manter um registo das comunica\u00e7\u00f5es para ajudar a resolver problemas que possam surgir. Poderemos utilizar o endere\u00e7o de e-mail do utilizador para lhe enviar informa\u00e7\u00f5es sobre os nossos servi\u00e7os, comunicando-lhe, por exemplo, altera\u00e7\u00f5es ou melhoramentos futuros.<\/p><p>Utilizamos informa\u00e7\u00f5es recolhidas a partir de cookies e outras tecnologias, como etiquetas de pixels, para melhorar a experi\u00eancia de utilizador e a qualidade global dos nossos servi\u00e7os. Por exemplo, ao guardar as prefer\u00eancias de idioma de um utilizador, poderemos apresentar-lhe os nossos servi\u00e7os no idioma que ele prefere.<\/p><p>Solicitaremos o consentimento do utilizador antes de utilizarmos informa\u00e7\u00f5es para outros fins para al\u00e9m dos previstos na presente Pol\u00edtica de Privacidade.<\/p><p>A\u00a0<a href=\"https:\/\/duoforwomen.com\/en\/\">duoforwomen.com\u00a0<\/a>garante a todos os seus utilizadores que nenhum dado pessoal ser\u00e1 facultado a terceiros sem o pr\u00e9vio consentimento do seu titular ou que n\u00e3o exista obriga\u00e7\u00e3o legal para o efetuar. A\u00a0<a href=\"https:\/\/duoforwomen.com\/en\/\">duoforwomen.com\u00a0<\/a>reserva-se o direito de poder fornecer dados agregados (tais como localidade, idade e\/ou outros) para fins considerados de utilidade p\u00fablica, designadamente no \u00e2mbito de produ\u00e7\u00e3o estat\u00edstica.<\/p><p>A Du\u00f2 For Women n\u00e3o partilha informa\u00e7\u00e3o pessoal com empresas, entidades e indiv\u00edduos externos \u00e0 Du\u00f2 For Women, exceto nas seguintes circunst\u00e2ncias:<\/p><p><strong>\u2013 Com o consentimento do utilizador<\/strong><\/p><p>Partilharemos informa\u00e7\u00f5es pessoais com empresas, organiza\u00e7\u00f5es e indiv\u00edduos externos \u00e0 Du\u00f2 For Women se tivermos o consentimento do utilizador para o fazer. Solicitamos o consentimento expresso para a partilha de qualquer informa\u00e7\u00e3o pessoal sens\u00edvel.<\/p><p><strong>\u2013 Por motivos legais<\/strong><\/p><p>A Du\u00f2 For Women, no \u00e2mbito da Lei de Combate ao Branqueamento de Capitais e ao Financiamento do Terrorismos, est\u00e1 obrigada por lei a comunicar \u00e0s entidades reguladoras que superentendem a sua atividade, e a outras entidades p\u00fablicas\/oficiais, dados pessoais dos seus clientes, relacionados com a sua identidade, com as suas responsabilidades de cr\u00e9dito e respetiva remunera\u00e7\u00e3o, incluindo \u00e0s seguintes entidades:<\/p><p>\u2013 Instituto dos Mercados P\u00fablicos, do Imobili\u00e1rio e da Constru\u00e7\u00e3o (IMPIC), nos termos previstos na Lei de Combate ao Branqueamento de Capitais e ao Financiamento do Terrorismo;<\/p><p>\u2013 Departamento Central de Investiga\u00e7\u00e3o e A\u00e7\u00e3o Penal (DCIAP), Unidade de Informa\u00e7\u00e3o Financeira e demais autoridades judiciais, policiais e setoriais nos termos previstos na Lei de Combate ao Branqueamento de Capitais e ao Financiamento do Terrorismo.<\/p><p>Refira-se, ainda, que a Du\u00f2 For Women recorre, no \u00e2mbito da sua atividade, a prestadores de servi\u00e7os que poder\u00e3o ter acesso a dados pessoais dos seus clientes e\/ou utilizadores. A Du\u00f2 For Women assegura que nestas circunst\u00e2ncias adota todas as medidas t\u00e9cnicas e organizativas consideradas adequadas de forma a assegurar que as entidades subcontratadas que tenham acesso aos dados s\u00e3o reputadas e oferecem as mais elevadas garantias a este n\u00edvel, e que garantem o cumprimento da legisla\u00e7\u00e3o aplic\u00e1vel em mat\u00e9ria de privacidade e prote\u00e7\u00e3o dos dados dos clientes e\/ou utilizadores, incluindo no que ao exerc\u00edcio de direitos dos titulares dos dados diz respeito. Em qualquer caso, assiste-lhes sempre o direito de retirarem o seu consentimento \u00e0 transfer\u00eancia dos dados.<\/p><p>Partilharemos informa\u00e7\u00f5es com organiza\u00e7\u00f5es ou indiv\u00edduos externos \u00e0 Du\u00f2 For Women se acreditarmos de boa-f\u00e9 que o acesso, a utiliza\u00e7\u00e3o e a preserva\u00e7\u00e3o ou divulga\u00e7\u00e3o dessas informa\u00e7\u00f5es \u00e9 razoavelmente necess\u00e1ria para:<\/p><p>\u2013 Cumprir qualquer lei, regulamento, processo legal ou pedido execut\u00f3rio de organismo ou entidade do Estado;<br \/>\u2013 Executar os Termos e Condi\u00e7\u00f5es de Utiliza\u00e7\u00e3o, incluindo a investiga\u00e7\u00e3o de potenciais viola\u00e7\u00f5es dos mesmos;<br \/>\u2013 Detetar, impedir ou de outra forma, resolver problemas t\u00e9cnicos, de fraude ou seguran\u00e7a;<br \/>\u2013 Proteger contra danos os direitos, a propriedade ou a seguran\u00e7a da Du\u00f2 For Women, dos seus utilizadores ou do p\u00fablico, nos termos exigidos ou permitidos por lei.<\/p><p>Se a Du\u00f2 For Women se envolver num processo de fus\u00e3o, aquisi\u00e7\u00e3o ou vendas de ativos, continuaremos a garantir a confidencialidade de todas as informa\u00e7\u00f5es pessoais e notificaremos os utilizadores afetados antes das informa\u00e7\u00f5es pessoais serem transferidas ou ficarem sujeitas a uma pol\u00edtica de privacidade diferente.<br \/>Ao solicitar informa\u00e7\u00f5es atrav\u00e9s do website, ou outras da Du\u00f2 For Women, submetendo para o efeito os seus dados pessoais, estar\u00e1 a consentir que partilhemos as mesmas com empresas, organiza\u00e7\u00f5es e indiv\u00edduos externos a esta, para fins de marketing ou outros relacionados.<\/p><p><strong>Reclama\u00e7\u00f5es<br \/><\/strong>Sem preju\u00edzo de qualquer outra via de recurso administrativo ou judicial, o Utilizador tem direito a apresentar uma reclama\u00e7\u00e3o \u00e0 autoridade de controlo competente nos termos da lei (a CNPD, Comiss\u00e3o Nacional de Prote\u00e7\u00e3o de Dados), caso entenda que o tratamento dos seus dados pela Du\u00f2 For Women viola o regime legal em vigor a cada momento.<\/p><p><strong>Quest\u00f5es e sugest\u00f5es<br \/><\/strong>O Utilizador poder\u00e1 contactar a Du\u00f2 For Women sobre todas as quest\u00f5es relacionadas com o tratamento dos seus dados pessoais e com o exerc\u00edcio dos direitos que lhe s\u00e3o conferidos pela legisla\u00e7\u00e3o aplic\u00e1vel e, em especial, referidos na presente Pol\u00edtica, atrav\u00e9s dos seguintes contactos:<\/p><p>Email:\u00a0<a href=\"mailto:suporte@duoforwomen.com\">suporte@duoforwomen.com<\/a><br \/>Morada: Rua Nuno \u00c1lvares Pereira 105 -Escrit\u00f3rios<br \/>4780-439\u00a0Santo\u00a0Tirso<\/p><p><strong>Altera\u00e7\u00f5es \u00e0 Pol\u00edtica de Privacidade<br \/><\/strong>A Du\u00f2 For Women reserva-se o direito de, a todo o momento, alterar os presentes termos de tratamento de dados pessoais. Essas altera\u00e7\u00f5es ser\u00e3o devidamente publicitadas no website. Caso estas condi\u00e7\u00f5es venham a ser alteradas, nomeadamente em resultado da disponibiliza\u00e7\u00e3o de novos servi\u00e7os ou altera\u00e7\u00e3o da legisla\u00e7\u00e3o em vigor que rege estas mat\u00e9rias, proceder-se-\u00e1 \u00e0 sua divulga\u00e7\u00e3o atrav\u00e9s da Du\u00f2 For Women. Na hip\u00f3tese de n\u00e3o concordar com as altera\u00e7\u00f5es efetuadas, deve proceder de imediato ao pedido de elimina\u00e7\u00e3o dos seus dados pessoais nos termos atr\u00e1s identificados.<\/p><p><strong>Aceita\u00e7\u00e3o e Vincula\u00e7\u00e3o<br \/><\/strong>Deve seguir todas as pol\u00edticas que lhe s\u00e3o disponibilizadas nos Servi\u00e7os. N\u00e3o utilize indevidamente os nossos Servi\u00e7os. Todo o utilizador dos servi\u00e7os disponibilizados na Du\u00f2 For Women est\u00e1 vinculado \u00e0 aceita\u00e7\u00e3o e respeito pelas condi\u00e7\u00f5es aqui expressas.<\/p><p>Para qualquer esclarecimento adicional sobre a Pol\u00edtica de Privacidade e Termos e Condi\u00e7\u00f5es de Utiliza\u00e7\u00e3o deste website, contacte a Du\u00f2 For Women atrav\u00e9s do endere\u00e7o de correio eletr\u00f3nico\u00a0<a href=\"mailto:suporte@duoforwomen.com\">suporte@duoforwomen.com<\/a><\/p><p><strong>\u00a0<\/strong><\/p><p><strong>Copyright<br \/><\/strong>As pol\u00edticas de privacidade da Du\u00f2 For Women explicam como tratamos os seus dados pessoais e protegemos a sua privacidade quando utiliza os nossos Servi\u00e7os.<\/p><p><strong>Ao utilizar os nossos Servi\u00e7os, o utilizador aceita que a Du\u00f2 For Women<\/strong> <strong>pode utilizar esses dados de acordo com as respetivas pol\u00edticas de privacidade.<\/strong><\/p><p>\u00a0<\/p>\t\t\t\t\t\t\t\t<\/div>\n\t\t\t\t<\/div>\n\t\t\t\t\t<\/div>\n\t\t\t\t<\/div>\n\t\t\t\t<\/div>","protected":false},"excerpt":{"rendered":"<p>Pol\u00edtica de Privacidade &amp; CookiesA presente Pol\u00edtica de Privacidade e de Cookies regula o tratamento dos dados pessoais dos utilizadores (doravante \u201cUtilizador\u201d ou \u201cUtilizadores\u201d), recolhidos no \u00e2mbito da utiliza\u00e7\u00e3o da\u00a0duoforwomen.com\u00a0\u00a0(doravante \u201cwebsite\u201d), pela Du\u00f2 For Women enquanto entidade propriet\u00e1ria do site e respons\u00e1vel pelo seu tratamento.A disponibiliza\u00e7\u00e3o de dados pessoais implica o conhecimento e aceita\u00e7\u00e3o das [&hellip;]<\/p>","protected":false},"author":2,"featured_media":0,"parent":0,"menu_order":92,"comment_status":"closed","ping_status":"closed","template":"","meta":{"footnotes":""},"class_list":["post-3898","page","type-page","status-publish","hentry"],"aioseo_notices":[],"_links":{"self":[{"href":"https:\/\/duoforwomen.com\/en\/wp-json\/wp\/v2\/pages\/3898","targetHints":{"allow":["GET"]}}],"collection":[{"href":"https:\/\/duoforwomen.com\/en\/wp-json\/wp\/v2\/pages"}],"about":[{"href":"https:\/\/duoforwomen.com\/en\/wp-json\/wp\/v2\/types\/page"}],"author":[{"embeddable":true,"href":"https:\/\/duoforwomen.com\/en\/wp-json\/wp\/v2\/users\/2"}],"replies":[{"embeddable":true,"href":"https:\/\/duoforwomen.com\/en\/wp-json\/wp\/v2\/comments?post=3898"}],"version-history":[{"count":4,"href":"https:\/\/duoforwomen.com\/en\/wp-json\/wp\/v2\/pages\/3898\/revisions"}],"predecessor-version":[{"id":3902,"href":"https:\/\/duoforwomen.com\/en\/wp-json\/wp\/v2\/pages\/3898\/revisions\/3902"}],"wp:attachment":[{"href":"https:\/\/duoforwomen.com\/en\/wp-json\/wp\/v2\/media?parent=3898"}],"curies":[{"name":"wp","href":"https:\/\/api.w.org\/{rel}","templated":true}]}}