{"id":2796,"date":"2023-07-21T12:44:44","date_gmt":"2023-07-21T12:44:44","guid":{"rendered":"https:\/\/duoforwomen.com\/?page_id=2796"},"modified":"2025-08-30T20:40:29","modified_gmt":"2025-08-30T20:40:29","slug":"a-nossa-assinatura","status":"publish","type":"page","link":"https:\/\/duoforwomen.com\/en\/a-eliminar\/a-nossa-assinatura\/","title":{"rendered":"A nossa Assinatura"},"content":{"rendered":"<div data-elementor-type=\"wp-page\" data-elementor-id=\"2796\" class=\"elementor elementor-2796\" data-elementor-post-type=\"page\">\n\t\t\t\t\t\t<section class=\"elementor-section elementor-top-section elementor-element elementor-element-93a7ced p-t-xxl p-b-xlg elementor-section-boxed elementor-section-height-default elementor-section-height-default\" data-id=\"93a7ced\" data-element_type=\"section\" data-settings=\"{&quot;background_background&quot;:&quot;classic&quot;}\">\n\t\t\t\t\t\t<div class=\"elementor-container elementor-column-gap-default\">\n\t\t\t\t\t<div class=\"elementor-column elementor-col-100 elementor-top-column elementor-element elementor-element-3f0ea70\" data-id=\"3f0ea70\" data-element_type=\"column\">\n\t\t\t<div class=\"elementor-widget-wrap elementor-element-populated\">\n\t\t\t\t\t\t<div class=\"elementor-element elementor-element-a93aca0 mb-0 elementor-widget elementor-widget-heading\" data-id=\"a93aca0\" data-element_type=\"widget\" data-widget_type=\"heading.default\">\n\t\t\t\t<div class=\"elementor-widget-container\">\n\t\t\t\t\t<h3 class=\"elementor-heading-title elementor-size-default\">O Respeito pelo Pa\u00eds<\/h3>\t\t\t\t<\/div>\n\t\t\t\t<\/div>\n\t\t\t\t<div class=\"elementor-element elementor-element-2520c63 elementor-widget-tablet__width-inherit elementor-widget elementor-widget-text-editor\" data-id=\"2520c63\" data-element_type=\"widget\" data-widget_type=\"text-editor.default\">\n\t\t\t\t<div class=\"elementor-widget-container\">\n\t\t\t\t\t\t\t\t\t<p>Somos um pa\u00eds com grandes virtudes, com grandes hist\u00f3rias.<\/p><p>A \u00e1rea t\u00eaxtil \u00e9, efetivamente, um elemento que representa Portugal, pelas caracter\u00edsticas de qualidade que apresenta.\u00a0<\/p><p>A \u00e1rea t\u00eaxtil \u00e9, ent\u00e3o, um patrim\u00f3nio nacional e a Du\u00f2 acredita que s\u00f3 faz sentidotodos os artigos desenvolvidosserem produzidos em Portugal.<\/p>\t\t\t\t\t\t\t\t<\/div>\n\t\t\t\t<\/div>\n\t\t\t\t\t<\/div>\n\t\t<\/div>\n\t\t\t\t\t<\/div>\n\t\t<\/section>\n\t\t\t\t<section class=\"elementor-section elementor-top-section elementor-element elementor-element-9786ff4 p-t-xxl p-b-xlg elementor-section-boxed elementor-section-height-default elementor-section-height-default\" data-id=\"9786ff4\" data-element_type=\"section\" data-settings=\"{&quot;background_background&quot;:&quot;classic&quot;}\">\n\t\t\t\t\t\t<div class=\"elementor-container elementor-column-gap-default\">\n\t\t\t\t\t<div class=\"elementor-column elementor-col-50 elementor-top-column elementor-element elementor-element-dd82122\" data-id=\"dd82122\" data-element_type=\"column\">\n\t\t\t<div class=\"elementor-widget-wrap elementor-element-populated\">\n\t\t\t\t\t\t<div class=\"elementor-element elementor-element-8ff70b8 mb-0 elementor-widget elementor-widget-heading\" data-id=\"8ff70b8\" data-element_type=\"widget\" data-widget_type=\"heading.default\">\n\t\t\t\t<div class=\"elementor-widget-container\">\n\t\t\t\t\t<h3 class=\"elementor-heading-title elementor-size-default\">A nossa Assinatura<\/h3>\t\t\t\t<\/div>\n\t\t\t\t<\/div>\n\t\t\t\t<div class=\"elementor-element elementor-element-80e1b88 elementor-widget-tablet__width-inherit elementor-widget elementor-widget-text-editor\" data-id=\"80e1b88\" data-element_type=\"widget\" data-widget_type=\"text-editor.default\">\n\t\t\t\t<div class=\"elementor-widget-container\">\n\t\t\t\t\t\t\t\t\t<p>\u00c9 imperativoo respeito por todas as pessoas que colaboram connosco, desde a conce\u00e7\u00e3o do produto at\u00e9 ao embelezamento da embalagem, que ser\u00e1 entregue ao cliente. Muitas vezes, o processo de constru\u00e7\u00e3o e a evolu\u00e7\u00e3o de algo novo, traz consigo pessoas bonitas, que se tornam tamb\u00e9m amigas.<\/p><p>Desenvolvemos pe\u00e7as sofisticadas e intemporais, em Portugal. Se por um lado, \u00e9 um nosso objetivo enaltecer a excel\u00eancia do que \u00e9 portugu\u00eas, por outro, pretendemos incentivar o nosso cliente a valorizare investir em algo com qualidade e \u201ceterno\u201d.<\/p><p>A Du\u00f2 tem como uma das suas principais finalidades a sustentabilidade, com o intuito de proteger o que \u00e9 nosso e de todos: o ambiente e o mundo em que vivemos.\u00a0\u00a0\u00a0\u00a0\u00a0\u00a0<\/p><p>A Du\u00f2 n\u00e3o quer ser apenas uma marca de venda de roupa.<\/p><p>ADu\u00f2 quer que seja nossa parceira!<\/p><p>Desejamos ser, al\u00e9m de uma marca, um espa\u00e7o, no qual pode partilhar connosco, mulheres, os seus gostos eas suas necessidades, para que possamos trabalhar de forma a dar resposta ao que pretende e que n\u00e3o encontra no mercado atual.<\/p><p>A Du\u00f3 \u00e9 uma plataforma de Partilha, pois \u00e9 importante a sua assinatura.<\/p>\t\t\t\t\t\t\t\t<\/div>\n\t\t\t\t<\/div>\n\t\t\t\t\t<\/div>\n\t\t<\/div>\n\t\t\t\t<div class=\"elementor-column elementor-col-50 elementor-top-column elementor-element elementor-element-ee4d1d7\" data-id=\"ee4d1d7\" data-element_type=\"column\">\n\t\t\t<div class=\"elementor-widget-wrap elementor-element-populated\">\n\t\t\t\t\t\t<div class=\"elementor-element elementor-element-0d6d354 elementor-widget elementor-widget-image\" data-id=\"0d6d354\" data-element_type=\"widget\" data-widget_type=\"image.default\">\n\t\t\t\t<div class=\"elementor-widget-container\">\n\t\t\t\t\t\t\t\t\t\t\t\t\t\t\t<img fetchpriority=\"high\" decoding=\"async\" width=\"762\" height=\"903\" src=\"https:\/\/duoforwomen.com\/wp-content\/uploads\/2023\/07\/acerca-6.png\" class=\"attachment-large size-large wp-image-3099\" alt=\"\" srcset=\"https:\/\/duoforwomen.com\/wp-content\/uploads\/2023\/07\/acerca-6.png 762w, https:\/\/duoforwomen.com\/wp-content\/uploads\/2023\/07\/acerca-6-500x593.png 500w, https:\/\/duoforwomen.com\/wp-content\/uploads\/2023\/07\/acerca-6-253x300.png 253w, https:\/\/duoforwomen.com\/wp-content\/uploads\/2023\/07\/acerca-6-640x758.png 640w, https:\/\/duoforwomen.com\/wp-content\/uploads\/2023\/07\/acerca-6-400x474.png 400w\" sizes=\"(max-width: 762px) 100vw, 762px\" \/>\t\t\t\t\t\t\t\t\t\t\t\t\t\t\t<\/div>\n\t\t\t\t<\/div>\n\t\t\t\t\t<\/div>\n\t\t<\/div>\n\t\t\t\t\t<\/div>\n\t\t<\/section>\n\t\t\t\t<\/div>","protected":false},"excerpt":{"rendered":"<p>O Respeito pelo Pa\u00eds Somos um pa\u00eds com grandes virtudes, com grandes hist\u00f3rias. A \u00e1rea t\u00eaxtil \u00e9, efetivamente, um elemento que representa Portugal, pelas caracter\u00edsticas de qualidade que apresenta.\u00a0 A \u00e1rea t\u00eaxtil \u00e9, ent\u00e3o, um patrim\u00f3nio nacional e a Du\u00f2 acredita que s\u00f3 faz sentidotodos os artigos desenvolvidosserem produzidos em Portugal. A nossa Assinatura \u00c9 [&hellip;]<\/p>","protected":false},"author":2,"featured_media":0,"parent":3918,"menu_order":0,"comment_status":"closed","ping_status":"closed","template":"","meta":{"footnotes":""},"class_list":["post-2796","page","type-page","status-publish","hentry"],"aioseo_notices":[],"_links":{"self":[{"href":"https:\/\/duoforwomen.com\/en\/wp-json\/wp\/v2\/pages\/2796","targetHints":{"allow":["GET"]}}],"collection":[{"href":"https:\/\/duoforwomen.com\/en\/wp-json\/wp\/v2\/pages"}],"about":[{"href":"https:\/\/duoforwomen.com\/en\/wp-json\/wp\/v2\/types\/page"}],"author":[{"embeddable":true,"href":"https:\/\/duoforwomen.com\/en\/wp-json\/wp\/v2\/users\/2"}],"replies":[{"embeddable":true,"href":"https:\/\/duoforwomen.com\/en\/wp-json\/wp\/v2\/comments?post=2796"}],"version-history":[{"count":18,"href":"https:\/\/duoforwomen.com\/en\/wp-json\/wp\/v2\/pages\/2796\/revisions"}],"predecessor-version":[{"id":3102,"href":"https:\/\/duoforwomen.com\/en\/wp-json\/wp\/v2\/pages\/2796\/revisions\/3102"}],"up":[{"embeddable":true,"href":"https:\/\/duoforwomen.com\/en\/wp-json\/wp\/v2\/pages\/3918"}],"wp:attachment":[{"href":"https:\/\/duoforwomen.com\/en\/wp-json\/wp\/v2\/media?parent=2796"}],"curies":[{"name":"wp","href":"https:\/\/api.w.org\/{rel}","templated":true}]}}