{"id":2375,"date":"2023-07-15T22:06:27","date_gmt":"2023-07-15T22:06:27","guid":{"rendered":"https:\/\/duoforwomen.com\/?page_id=2375"},"modified":"2025-08-30T20:36:22","modified_gmt":"2025-08-30T20:36:22","slug":"trocas","status":"publish","type":"page","link":"https:\/\/duoforwomen.com\/en\/a-eliminar\/trocas\/","title":{"rendered":"Trocas"},"content":{"rendered":"<div data-elementor-type=\"wp-page\" data-elementor-id=\"2375\" class=\"elementor elementor-2375\" data-elementor-post-type=\"page\">\n\t\t\t\t\t\t<section class=\"elementor-section elementor-top-section elementor-element elementor-element-c6bcf6e elementor-section-boxed elementor-section-height-default elementor-section-height-default\" data-id=\"c6bcf6e\" data-element_type=\"section\">\n\t\t\t\t\t\t<div class=\"elementor-container elementor-column-gap-default\">\n\t\t\t\t\t<div class=\"elementor-column elementor-col-100 elementor-top-column elementor-element elementor-element-43808ce\" data-id=\"43808ce\" data-element_type=\"column\">\n\t\t\t<div class=\"elementor-widget-wrap elementor-element-populated\">\n\t\t\t\t\t\t<div class=\"elementor-element elementor-element-589115b mb-0 heading-primary elementor-widget elementor-widget-heading\" data-id=\"589115b\" data-element_type=\"widget\" data-widget_type=\"heading.default\">\n\t\t\t\t<div class=\"elementor-widget-container\">\n\t\t\t\t\t<h2 class=\"elementor-heading-title elementor-size-default\">Trocas<\/h2>\t\t\t\t<\/div>\n\t\t\t\t<\/div>\n\t\t\t\t<div class=\"elementor-element elementor-element-1d40d20 elementor-widget__width-initial elementor-widget-tablet__width-inherit elementor-widget elementor-widget-text-editor\" data-id=\"1d40d20\" data-element_type=\"widget\" data-widget_type=\"text-editor.default\">\n\t\t\t\t<div class=\"elementor-widget-container\">\n\t\t\t\t\t\t\t\t\t<p>\u00a0O cliente tem 14 dias corridos ap\u00f3s recep\u00e7\u00e3o da sua encomenda para trocar ou devolver o seu artigo, sem ter que justificar o motivo para o mesmo.<\/p><p>Para efectuar a sua troca deve contactar por email para geral@duoforwomen.com\u00a0e aguardar as nossas instru\u00e7\u00f5es.<\/p><p>Ser\u00e1 indicada uma morada para o envio que deve acompanhar-se\u00a0da caixa original, etiqueta intacta e sem sinais de uso ou danos. O envio \u00e9 totalmente ao encargo do cliente (transportadora ou CTT) e dever\u00e1 seguir com aviso \u00e0 recep\u00e7\u00e3o no caso dos CTT.<\/p><p>N\u00e3o deve nunca enviar a sua encomenda de volta para n\u00f3s sem a nossa autoriza\u00e7\u00e3o, pelo que n\u00e3o nos responsabilizaremos pela n\u00e3o chegada da mesma.<\/p><p>No caso da troca, basta colocar o artigo que \u00e9 para entregar numa embalagem\/saco fechado. N\u00e3o precisa enviar a embalagem original.<\/p>\t\t\t\t\t\t\t\t<\/div>\n\t\t\t\t<\/div>\n\t\t\t\t\t<\/div>\n\t\t<\/div>\n\t\t\t\t\t<\/div>\n\t\t<\/section>\n\t\t\t\t<\/div>","protected":false},"excerpt":{"rendered":"<p>Trocas \u00a0O cliente tem 14 dias corridos ap\u00f3s recep\u00e7\u00e3o da sua encomenda para trocar ou devolver o seu artigo, sem ter que justificar o motivo para o mesmo. Para efectuar a sua troca deve contactar por email para geral@duoforwomen.com\u00a0e aguardar as nossas instru\u00e7\u00f5es. Ser\u00e1 indicada uma morada para o envio que deve acompanhar-se\u00a0da caixa original, [&hellip;]<\/p>","protected":false},"author":2,"featured_media":0,"parent":3918,"menu_order":20,"comment_status":"closed","ping_status":"closed","template":"","meta":{"footnotes":""},"class_list":["post-2375","page","type-page","status-publish","hentry"],"aioseo_notices":[],"_links":{"self":[{"href":"https:\/\/duoforwomen.com\/en\/wp-json\/wp\/v2\/pages\/2375","targetHints":{"allow":["GET"]}}],"collection":[{"href":"https:\/\/duoforwomen.com\/en\/wp-json\/wp\/v2\/pages"}],"about":[{"href":"https:\/\/duoforwomen.com\/en\/wp-json\/wp\/v2\/types\/page"}],"author":[{"embeddable":true,"href":"https:\/\/duoforwomen.com\/en\/wp-json\/wp\/v2\/users\/2"}],"replies":[{"embeddable":true,"href":"https:\/\/duoforwomen.com\/en\/wp-json\/wp\/v2\/comments?post=2375"}],"version-history":[{"count":7,"href":"https:\/\/duoforwomen.com\/en\/wp-json\/wp\/v2\/pages\/2375\/revisions"}],"predecessor-version":[{"id":2391,"href":"https:\/\/duoforwomen.com\/en\/wp-json\/wp\/v2\/pages\/2375\/revisions\/2391"}],"up":[{"embeddable":true,"href":"https:\/\/duoforwomen.com\/en\/wp-json\/wp\/v2\/pages\/3918"}],"wp:attachment":[{"href":"https:\/\/duoforwomen.com\/en\/wp-json\/wp\/v2\/media?parent=2375"}],"curies":[{"name":"wp","href":"https:\/\/api.w.org\/{rel}","templated":true}]}}