{"id":2,"date":"2023-07-13T04:54:59","date_gmt":"2023-07-13T04:54:59","guid":{"rendered":"http:\/\/duoforwomen.com\/?page_id=2"},"modified":"2025-08-30T20:36:11","modified_gmt":"2025-08-30T20:36:11","slug":"entrega","status":"publish","type":"page","link":"https:\/\/duoforwomen.com\/en\/a-eliminar\/entrega\/","title":{"rendered":"Entrega"},"content":{"rendered":"<div data-elementor-type=\"wp-page\" data-elementor-id=\"2\" class=\"elementor elementor-2\" data-elementor-post-type=\"page\">\n\t\t\t\t\t\t<section class=\"elementor-section elementor-top-section elementor-element elementor-element-314bc5c4 elementor-section-boxed elementor-section-height-default elementor-section-height-default\" data-id=\"314bc5c4\" data-element_type=\"section\">\n\t\t\t\t\t\t<div class=\"elementor-container elementor-column-gap-default\">\n\t\t\t\t\t<div class=\"elementor-column elementor-col-100 elementor-top-column elementor-element elementor-element-642553ff\" data-id=\"642553ff\" data-element_type=\"column\">\n\t\t\t<div class=\"elementor-widget-wrap elementor-element-populated\">\n\t\t\t\t\t\t<div class=\"elementor-element elementor-element-d590b53 mb-0 heading-primary elementor-widget elementor-widget-heading\" data-id=\"d590b53\" data-element_type=\"widget\" data-widget_type=\"heading.default\">\n\t\t\t\t<div class=\"elementor-widget-container\">\n\t\t\t\t\t<h2 class=\"elementor-heading-title elementor-size-default\">Entrega<\/h2>\t\t\t\t<\/div>\n\t\t\t\t<\/div>\n\t\t\t\t<div class=\"elementor-element elementor-element-4fac4ed3 elementor-widget__width-initial elementor-widget-tablet__width-inherit elementor-widget elementor-widget-text-editor\" data-id=\"4fac4ed3\" data-element_type=\"widget\" data-widget_type=\"text-editor.default\">\n\t\t\t\t<div class=\"elementor-widget-container\">\n\t\t\t\t\t\t\t\t\t<p>Servi\u00e7o assegurado por CTT ou transportadora.<\/p>\n<p>No caso de pretender apresentar alguma reclama\u00e7\u00e3o relacionada com a descarga e\/ou montagem, dever\u00e1 ser dirigida por e-mail aos CTT ou transportadora em quest\u00e3o\u00a0e complementada com fotografias que comprovem a mesma.<\/p>\t\t\t\t\t\t\t\t<\/div>\n\t\t\t\t<\/div>\n\t\t\t\t\t<\/div>\n\t\t<\/div>\n\t\t\t\t\t<\/div>\n\t\t<\/section>\n\t\t\t\t<\/div>","protected":false},"excerpt":{"rendered":"<p>Entrega Servi\u00e7o assegurado por CTT ou transportadora. No caso de pretender apresentar alguma reclama\u00e7\u00e3o relacionada com a descarga e\/ou montagem, dever\u00e1 ser dirigida por e-mail aos CTT ou transportadora em quest\u00e3o\u00a0e complementada com fotografias que comprovem a mesma.<\/p>","protected":false},"author":2,"featured_media":0,"parent":3918,"menu_order":20,"comment_status":"closed","ping_status":"closed","template":"","meta":{"footnotes":""},"class_list":["post-2","page","type-page","status-publish","hentry"],"aioseo_notices":[],"_links":{"self":[{"href":"https:\/\/duoforwomen.com\/en\/wp-json\/wp\/v2\/pages\/2","targetHints":{"allow":["GET"]}}],"collection":[{"href":"https:\/\/duoforwomen.com\/en\/wp-json\/wp\/v2\/pages"}],"about":[{"href":"https:\/\/duoforwomen.com\/en\/wp-json\/wp\/v2\/types\/page"}],"author":[{"embeddable":true,"href":"https:\/\/duoforwomen.com\/en\/wp-json\/wp\/v2\/users\/2"}],"replies":[{"embeddable":true,"href":"https:\/\/duoforwomen.com\/en\/wp-json\/wp\/v2\/comments?post=2"}],"version-history":[{"count":7,"href":"https:\/\/duoforwomen.com\/en\/wp-json\/wp\/v2\/pages\/2\/revisions"}],"predecessor-version":[{"id":2397,"href":"https:\/\/duoforwomen.com\/en\/wp-json\/wp\/v2\/pages\/2\/revisions\/2397"}],"up":[{"embeddable":true,"href":"https:\/\/duoforwomen.com\/en\/wp-json\/wp\/v2\/pages\/3918"}],"wp:attachment":[{"href":"https:\/\/duoforwomen.com\/en\/wp-json\/wp\/v2\/media?parent=2"}],"curies":[{"name":"wp","href":"https:\/\/api.w.org\/{rel}","templated":true}]}}